{"id":693,"date":"2021-10-15T12:36:15","date_gmt":"2021-10-15T12:36:15","guid":{"rendered":"https:\/\/jthemes.net\/themes\/wp\/olmo\/?page_id=693"},"modified":"2024-11-19T14:21:48","modified_gmt":"2024-11-19T14:21:48","slug":"contact-us","status":"publish","type":"page","link":"https:\/\/fitandbody.ch\/?page_id=693","title":{"rendered":"Plan d&rsquo;acc\u00e8s"},"content":{"rendered":"\t\t<div data-elementor-type=\"wp-page\" data-elementor-id=\"693\" class=\"elementor elementor-693\" data-elementor-post-type=\"page\">\n\t\t\t\t\t\t<main class=\"elementor-section elementor-top-section elementor-element elementor-element-7a7e1aa elementor-section-boxed elementor-section-height-default elementor-section-height-default\" data-id=\"7a7e1aa\" data-element_type=\"section\" data-settings=\"{&quot;background_background&quot;:&quot;gradient&quot;}\">\n\t\t\t\t\t\t<div class=\"elementor-container elementor-column-gap-default\">\n\t\t\t\t\t<div class=\"elementor-column elementor-col-100 elementor-top-column elementor-element elementor-element-6d800d6\" data-id=\"6d800d6\" data-element_type=\"column\">\n\t\t\t<div class=\"elementor-widget-wrap elementor-element-populated\">\n\t\t\t\t\t\t<div class=\"elementor-element elementor-element-f8f1a7d elementor-widget elementor-widget-heading\" data-id=\"f8f1a7d\" data-element_type=\"widget\" data-widget_type=\"heading.default\">\n\t\t\t\t<div class=\"elementor-widget-container\">\n\t\t\t<h1 class=\"elementor-heading-title elementor-size-default\">Plan<\/h1>\t\t<\/div>\n\t\t\t\t<\/div>\n\t\t\t\t<section class=\"elementor-section elementor-inner-section elementor-element elementor-element-2300c56 elementor-section-boxed elementor-section-height-default elementor-section-height-default\" data-id=\"2300c56\" data-element_type=\"section\">\n\t\t\t\t\t\t<div class=\"elementor-container elementor-column-gap-default\">\n\t\t\t\t\t<div class=\"elementor-column elementor-col-100 elementor-inner-column elementor-element elementor-element-2a8499e\" data-id=\"2a8499e\" data-element_type=\"column\">\n\t\t\t<div class=\"elementor-widget-wrap elementor-element-populated\">\n\t\t\t\t\t\t<div class=\"elementor-element elementor-element-9d70692 elementor-widget elementor-widget-text-editor\" data-id=\"9d70692\" data-element_type=\"widget\" data-widget_type=\"text-editor.default\">\n\t\t\t\t<div class=\"elementor-widget-container\">\n\t\t\t\t\t\t\t<p>Retrouvez nous simplement gr\u00e2ce aux instructions ci-dessous.<\/p>\t\t\t\t\t\t<\/div>\n\t\t\t\t<\/div>\n\t\t\t\t\t<\/div>\n\t\t<\/div>\n\t\t\t\t\t<\/div>\n\t\t<\/section>\n\t\t\t\t\t<\/div>\n\t\t<\/div>\n\t\t\t\t\t<\/div>\n\t\t<\/main>\n\t\t\t\t<section class=\"elementor-section elementor-top-section elementor-element elementor-element-2f406fa elementor-section-boxed elementor-section-height-default elementor-section-height-default\" data-id=\"2f406fa\" data-element_type=\"section\">\n\t\t\t\t\t\t<div class=\"elementor-container elementor-column-gap-default\">\n\t\t\t\t\t<section class=\"elementor-column elementor-col-50 elementor-top-column elementor-element elementor-element-ceff68f\" data-id=\"ceff68f\" data-element_type=\"column\">\n\t\t\t<div class=\"elementor-widget-wrap elementor-element-populated\">\n\t\t\t\t\t\t<div class=\"elementor-element elementor-element-87f148a elementor-widget elementor-widget-text-editor\" data-id=\"87f148a\" data-element_type=\"widget\" data-widget_type=\"text-editor.default\">\n\t\t\t\t<div class=\"elementor-widget-container\">\n\t\t\t\t\t\t\t<p>Nous sommes au 2\u00e8me \u00e9tage du b\u00e2timent \u00ab\u00a0Jerome Construction\u00a0\u00bb<br>En face du lavage \u00e0 voiture Audi.<\/p>\n<p>Fit&amp;Body<\/p>\n<p>Chemin de la Pallanterie 6<\/p>\n<p>1222 V\u00e9senaz<\/p>\n<p><a href=\"tel:0227527059\">022 752 70 59<\/a><\/p>\n<p>info@fitandbody.ch<\/p>\t\t\t\t\t\t<\/div>\n\t\t\t\t<\/div>\n\t\t\t\t\t<\/div>\n\t\t<\/section>\n\t\t\t\t<nav class=\"elementor-column elementor-col-50 elementor-top-column elementor-element elementor-element-d79ce53\" data-id=\"d79ce53\" data-element_type=\"column\">\n\t\t\t<div class=\"elementor-widget-wrap elementor-element-populated\">\n\t\t\t\t\t\t<div class=\"elementor-element elementor-element-1c64971 elementor-widget elementor-widget-html\" data-id=\"1c64971\" data-element_type=\"widget\" data-widget_type=\"html.default\">\n\t\t\t\t<div class=\"elementor-widget-container\">\n\t\t\t<iframe src=\"https:\/\/www.google.com\/maps\/embed?pb=!1m14!1m8!1m3!1d689.7813980335962!2d6.217628!3d46.247731!3m2!1i1024!2i768!4f13.1!3m3!1m2!1s0x478c6f007a1d294f%3A0xc20ae4053aa2c5e4!2sFit%20%26%20Bike!5e0!3m2!1sfr!2s!4v1671612147201!5m2!1sfr!2s\" width=\"600\" height=\"450\" style=\"border:0;\" allowfullscreen=\"\" loading=\"lazy\" referrerpolicy=\"no-referrer-when-downgrade\"><\/iframe>\t\t<\/div>\n\t\t\t\t<\/div>\n\t\t\t\t\t<\/div>\n\t\t<\/nav>\n\t\t\t\t\t<\/div>\n\t\t<\/section>\n\t\t\t\t<div class=\"elementor-section elementor-top-section elementor-element elementor-element-f31b716 elementor-section-boxed elementor-section-height-default elementor-section-height-default\" data-id=\"f31b716\" data-element_type=\"section\">\n\t\t\t\t\t\t<div class=\"elementor-container elementor-column-gap-default\">\n\t\t\t\t\t<div class=\"elementor-column elementor-col-100 elementor-top-column elementor-element elementor-element-66f1671\" data-id=\"66f1671\" data-element_type=\"column\">\n\t\t\t<div class=\"elementor-widget-wrap elementor-element-populated\">\n\t\t\t\t\t\t<div class=\"elementor-element elementor-element-ad84cb2 elementor-widget elementor-widget-image\" data-id=\"ad84cb2\" data-element_type=\"widget\" data-widget_type=\"image.default\">\n\t\t\t\t<div class=\"elementor-widget-container\">\n\t\t\t\t\t\t\t\t\t\t\t\t\t<img fetchpriority=\"high\" decoding=\"async\" width=\"900\" height=\"489\" src=\"https:\/\/fitandbody.ch\/wp-content\/uploads\/2022\/12\/318296848_978539903319884_7919798455756499454_n-1024x556.jpg\" class=\"attachment-large size-large wp-image-3826\" alt=\"\" srcset=\"https:\/\/fitandbody.ch\/wp-content\/uploads\/2022\/12\/318296848_978539903319884_7919798455756499454_n-1024x556.jpg 1024w, https:\/\/fitandbody.ch\/wp-content\/uploads\/2022\/12\/318296848_978539903319884_7919798455756499454_n-300x163.jpg 300w, https:\/\/fitandbody.ch\/wp-content\/uploads\/2022\/12\/318296848_978539903319884_7919798455756499454_n-768x417.jpg 768w, https:\/\/fitandbody.ch\/wp-content\/uploads\/2022\/12\/318296848_978539903319884_7919798455756499454_n-800x434.jpg 800w, https:\/\/fitandbody.ch\/wp-content\/uploads\/2022\/12\/318296848_978539903319884_7919798455756499454_n-600x326.jpg 600w, https:\/\/fitandbody.ch\/wp-content\/uploads\/2022\/12\/318296848_978539903319884_7919798455756499454_n.jpg 1170w\" sizes=\"(max-width: 900px) 100vw, 900px\" \/>\t\t\t\t\t\t\t\t\t\t\t\t\t<\/div>\n\t\t\t\t<\/div>\n\t\t\t\t\t<\/div>\n\t\t<\/div>\n\t\t\t\t\t<\/div>\n\t\t<\/div>\n\t\t\t\t<\/div>\n\t\t","protected":false},"excerpt":{"rendered":"<p>Plan Retrouvez nous simplement gr\u00e2ce aux instructions ci-dessous. Nous sommes<\/p>\n<div class=\"read-more-wrapper\"><a class=\"more-link read-more-link\" href=\"https:\/\/fitandbody.ch\/?page_id=693\">Read More<\/a><\/div>\n","protected":false},"author":1,"featured_media":0,"parent":0,"menu_order":0,"comment_status":"closed","ping_status":"closed","template":"page-templates\/home-page.php","meta":{"footnotes":""},"folder":[49],"class_list":["post-693","page","type-page","status-publish","hentry"],"aioseo_notices":[],"_links":{"self":[{"href":"https:\/\/fitandbody.ch\/index.php?rest_route=\/wp\/v2\/pages\/693","targetHints":{"allow":["GET"]}}],"collection":[{"href":"https:\/\/fitandbody.ch\/index.php?rest_route=\/wp\/v2\/pages"}],"about":[{"href":"https:\/\/fitandbody.ch\/index.php?rest_route=\/wp\/v2\/types\/page"}],"author":[{"embeddable":true,"href":"https:\/\/fitandbody.ch\/index.php?rest_route=\/wp\/v2\/users\/1"}],"replies":[{"embeddable":true,"href":"https:\/\/fitandbody.ch\/index.php?rest_route=%2Fwp%2Fv2%2Fcomments&post=693"}],"version-history":[{"count":15,"href":"https:\/\/fitandbody.ch\/index.php?rest_route=\/wp\/v2\/pages\/693\/revisions"}],"predecessor-version":[{"id":4585,"href":"https:\/\/fitandbody.ch\/index.php?rest_route=\/wp\/v2\/pages\/693\/revisions\/4585"}],"wp:attachment":[{"href":"https:\/\/fitandbody.ch\/index.php?rest_route=%2Fwp%2Fv2%2Fmedia&parent=693"}],"wp:term":[{"taxonomy":"folder","embeddable":true,"href":"https:\/\/fitandbody.ch\/index.php?rest_route=%2Fwp%2Fv2%2Ffolder&post=693"}],"curies":[{"name":"wp","href":"https:\/\/api.w.org\/{rel}","templated":true}]}}