{"id":3621,"date":"2022-11-04T15:12:21","date_gmt":"2022-11-04T15:12:21","guid":{"rendered":"https:\/\/fitandbike.ch\/?page_id=3621"},"modified":"2024-11-19T14:20:41","modified_gmt":"2024-11-19T14:20:41","slug":"reserver-cours","status":"publish","type":"page","link":"https:\/\/fitandbody.ch\/?page_id=3621","title":{"rendered":"Planning des cours"},"content":{"rendered":"\t\t<div data-elementor-type=\"wp-page\" data-elementor-id=\"3621\" class=\"elementor elementor-3621\" data-elementor-post-type=\"page\">\n\t\t\t\t\t\t<main class=\"elementor-section elementor-top-section elementor-element elementor-element-13649bf3 elementor-section-content-middle elementor-section-boxed elementor-section-height-default elementor-section-height-default\" data-id=\"13649bf3\" data-element_type=\"section\" data-settings=\"{&quot;background_background&quot;:&quot;classic&quot;}\">\n\t\t\t\t\t\t\t<div class=\"elementor-background-overlay\"><\/div>\n\t\t\t\t\t\t\t<div class=\"elementor-container elementor-column-gap-no\">\n\t\t\t\t\t<div class=\"elementor-column elementor-col-100 elementor-top-column elementor-element elementor-element-667dfca8\" data-id=\"667dfca8\" data-element_type=\"column\">\n\t\t\t<div class=\"elementor-widget-wrap elementor-element-populated\">\n\t\t\t\t\t\t<div class=\"elementor-element elementor-element-3faeacd3 elementor-widget elementor-widget-heading\" data-id=\"3faeacd3\" data-element_type=\"widget\" data-widget_type=\"heading.default\">\n\t\t\t\t<div class=\"elementor-widget-container\">\n\t\t\t<h1 class=\"elementor-heading-title elementor-size-default\">PLANNING OFFICIEL<\/h1>\t\t<\/div>\n\t\t\t\t<\/div>\n\t\t\t\t\t<\/div>\n\t\t<\/div>\n\t\t\t\t\t<\/div>\n\t\t<\/main>\n\t\t\t\t<section class=\"elementor-section elementor-top-section elementor-element elementor-element-676631e2 elementor-section-content-middle elementor-section-boxed elementor-section-height-default elementor-section-height-default\" data-id=\"676631e2\" data-element_type=\"section\" data-settings=\"{&quot;motion_fx_motion_fx_scrolling&quot;:&quot;yes&quot;,&quot;motion_fx_devices&quot;:[&quot;desktop&quot;,&quot;tablet&quot;,&quot;mobile&quot;]}\">\n\t\t\t\t\t\t<div class=\"elementor-container elementor-column-gap-no\">\n\t\t\t\t\t<nav class=\"elementor-column elementor-col-33 elementor-top-column elementor-element elementor-element-4535c6a\" data-id=\"4535c6a\" data-element_type=\"column\">\n\t\t\t<div class=\"elementor-widget-wrap elementor-element-populated\">\n\t\t\t\t\t\t<div class=\"elementor-element elementor-element-ad744e0 elementor-widget elementor-widget-image\" data-id=\"ad744e0\" data-element_type=\"widget\" data-widget_type=\"image.default\">\n\t\t\t\t<div class=\"elementor-widget-container\">\n\t\t\t\t\t\t\t\t\t\t\t\t\t<img fetchpriority=\"high\" decoding=\"async\" width=\"500\" height=\"500\" src=\"https:\/\/fitandbody.ch\/wp-content\/uploads\/2024\/10\/Free-Simple-Modern-Circle-Design-Studio-Logo.png\" class=\"attachment-2048x2048 size-2048x2048 wp-image-4352\" alt=\"\" srcset=\"https:\/\/fitandbody.ch\/wp-content\/uploads\/2024\/10\/Free-Simple-Modern-Circle-Design-Studio-Logo.png 500w, https:\/\/fitandbody.ch\/wp-content\/uploads\/2024\/10\/Free-Simple-Modern-Circle-Design-Studio-Logo-300x300.png 300w, https:\/\/fitandbody.ch\/wp-content\/uploads\/2024\/10\/Free-Simple-Modern-Circle-Design-Studio-Logo-150x150.png 150w\" sizes=\"(max-width: 500px) 100vw, 500px\" \/>\t\t\t\t\t\t\t\t\t\t\t\t\t<\/div>\n\t\t\t\t<\/div>\n\t\t\t\t<div class=\"elementor-element elementor-element-4c86ff4 elementor-widget__width-initial elementor-vertical-align-top elementor-widget elementor-widget-icon-box\" data-id=\"4c86ff4\" data-element_type=\"widget\" data-widget_type=\"icon-box.default\">\n\t\t\t\t<div class=\"elementor-widget-container\">\n\t\t\t\t\t<div class=\"elementor-icon-box-wrapper\">\n\n\t\t\t\n\t\t\t\t\t\t<div class=\"elementor-icon-box-content\">\n\n\t\t\t\t\t\t\t\t\t<h3 class=\"elementor-icon-box-title\">\n\t\t\t\t\t\t<span  >\n\t\t\t\t\t\t\tNouveau  Membre ?\t\t\t\t\t\t<\/span>\n\t\t\t\t\t<\/h3>\n\t\t\t\t\n\t\t\t\t\t\t\t\t\t<p class=\"elementor-icon-box-description\">\n\t\t\t\t\t\tAcc\u00e9de \u00e0 notre lien <b>Linktree <\/b>pour faciliter ton inscription, et commence ton aventure fitness avec nous d\u00e8s aujourd'hui !\t\t\t\t\t<\/p>\n\t\t\t\t\n\t\t\t<\/div>\n\t\t\t\n\t\t<\/div>\n\t\t\t\t<\/div>\n\t\t\t\t<\/div>\n\t\t\t\t<div class=\"elementor-element elementor-element-ac66ca9 elementor-mobile-align-center elementor-button-info elementor-align-left elementor-widget elementor-widget-button\" data-id=\"ac66ca9\" data-element_type=\"widget\" data-widget_type=\"button.default\">\n\t\t\t\t<div class=\"elementor-widget-container\">\n\t\t\t\t\t<div class=\"elementor-button-wrapper\">\n\t\t\t<a class=\"elementor-button elementor-button-link elementor-size-sm\" href=\"https:\/\/linktr.ee\/fitandbody?fbclid=PAZXh0bgNhZW0CMTEAAabpnlfoxE5ZczxhIQN47h9tK3Cf8XWvdchExK8PjDW8s8SUAOrNmdXrYDQ_aem_68tgjotHZlZ7T7BJ5nIkJw\">\n\t\t\t\t\t\t<span class=\"elementor-button-content-wrapper\">\n\t\t\t\t\t\t\t\t\t<span class=\"elementor-button-text\">JE REJOINS LE CLUB<\/span>\n\t\t\t\t\t<\/span>\n\t\t\t\t\t<\/a>\n\t\t<\/div>\n\t\t\t\t<\/div>\n\t\t\t\t<\/div>\n\t\t\t\t\t<\/div>\n\t\t<\/nav>\n\t\t\t\t<div class=\"elementor-column elementor-col-33 elementor-top-column elementor-element elementor-element-96b663c\" data-id=\"96b663c\" data-element_type=\"column\">\n\t\t\t<div class=\"elementor-widget-wrap elementor-element-populated\">\n\t\t\t\t\t\t<div class=\"elementor-element elementor-element-1f4710f2 elementor-widget elementor-widget-image\" data-id=\"1f4710f2\" data-element_type=\"widget\" data-widget_type=\"image.default\">\n\t\t\t\t<div class=\"elementor-widget-container\">\n\t\t\t\t\t\t\t\t\t\t\t\t\t<img decoding=\"async\" width=\"1080\" height=\"1920\" src=\"https:\/\/fitandbody.ch\/wp-content\/uploads\/2024\/09\/Fit-body-phone.png\" class=\"attachment-full size-full wp-image-4288\" alt=\"\" srcset=\"https:\/\/fitandbody.ch\/wp-content\/uploads\/2024\/09\/Fit-body-phone.png 1080w, https:\/\/fitandbody.ch\/wp-content\/uploads\/2024\/09\/Fit-body-phone-169x300.png 169w, https:\/\/fitandbody.ch\/wp-content\/uploads\/2024\/09\/Fit-body-phone-576x1024.png 576w, https:\/\/fitandbody.ch\/wp-content\/uploads\/2024\/09\/Fit-body-phone-768x1365.png 768w, https:\/\/fitandbody.ch\/wp-content\/uploads\/2024\/09\/Fit-body-phone-864x1536.png 864w, https:\/\/fitandbody.ch\/wp-content\/uploads\/2024\/09\/Fit-body-phone-506x900.png 506w\" sizes=\"(max-width: 1080px) 100vw, 1080px\" \/>\t\t\t\t\t\t\t\t\t\t\t\t\t<\/div>\n\t\t\t\t<\/div>\n\t\t\t\t\t<\/div>\n\t\t<\/div>\n\t\t\t\t<nav class=\"elementor-column elementor-col-33 elementor-top-column elementor-element elementor-element-a23a55e\" data-id=\"a23a55e\" data-element_type=\"column\">\n\t\t\t<div class=\"elementor-widget-wrap elementor-element-populated\">\n\t\t\t\t\t\t<div class=\"elementor-element elementor-element-81dec75 elementor-widget elementor-widget-image\" data-id=\"81dec75\" data-element_type=\"widget\" data-widget_type=\"image.default\">\n\t\t\t\t<div class=\"elementor-widget-container\">\n\t\t\t\t\t\t\t\t\t\t\t\t\t<img decoding=\"async\" width=\"500\" height=\"500\" src=\"https:\/\/fitandbody.ch\/wp-content\/uploads\/2024\/09\/Design-sans-titre-12.png\" class=\"attachment-2048x2048 size-2048x2048 wp-image-4291\" alt=\"\" srcset=\"https:\/\/fitandbody.ch\/wp-content\/uploads\/2024\/09\/Design-sans-titre-12.png 500w, https:\/\/fitandbody.ch\/wp-content\/uploads\/2024\/09\/Design-sans-titre-12-300x300.png 300w, https:\/\/fitandbody.ch\/wp-content\/uploads\/2024\/09\/Design-sans-titre-12-150x150.png 150w\" sizes=\"(max-width: 500px) 100vw, 500px\" \/>\t\t\t\t\t\t\t\t\t\t\t\t\t<\/div>\n\t\t\t\t<\/div>\n\t\t\t\t<div class=\"elementor-element elementor-element-749dc76f elementor-vertical-align-top elementor-widget elementor-widget-icon-box\" data-id=\"749dc76f\" data-element_type=\"widget\" data-widget_type=\"icon-box.default\">\n\t\t\t\t<div class=\"elementor-widget-container\">\n\t\t\t\t\t<div class=\"elementor-icon-box-wrapper\">\n\n\t\t\t\n\t\t\t\t\t\t<div class=\"elementor-icon-box-content\">\n\n\t\t\t\t\t\t\t\t\t<h3 class=\"elementor-icon-box-title\">\n\t\t\t\t\t\t<span  >\n\t\t\t\t\t\t\tD\u00e9ja membre ?\t\t\t\t\t\t<\/span>\n\t\t\t\t\t<\/h3>\n\t\t\t\t\n\t\t\t\t\t\t\t\t\t<p class=\"elementor-icon-box-description\">\n\t\t\t\t\t\tAcc\u00e8de \u00e0 ton planning en toute simplicit\u00e9 via l'application <b>VirtuaGym <\/b>: r\u00e9serve tes s\u00e9ances en un clic et g\u00e8re facilement ton profil !\t\t\t\t\t<\/p>\n\t\t\t\t\n\t\t\t<\/div>\n\t\t\t\n\t\t<\/div>\n\t\t\t\t<\/div>\n\t\t\t\t<\/div>\n\t\t\t\t<div class=\"elementor-element elementor-element-f585d95 elementor-mobile-align-center elementor-button-info elementor-align-left elementor-widget elementor-widget-button\" data-id=\"f585d95\" data-element_type=\"widget\" data-widget_type=\"button.default\">\n\t\t\t\t<div class=\"elementor-widget-container\">\n\t\t\t\t\t<div class=\"elementor-button-wrapper\">\n\t\t\t<a class=\"elementor-button elementor-button-link elementor-size-sm\" href=\"https:\/\/fitandbikesarl.virtuagym.com\/\">\n\t\t\t\t\t\t<span class=\"elementor-button-content-wrapper\">\n\t\t\t\t\t\t\t\t\t<span class=\"elementor-button-text\">JE RESERVE MA SEANCE<\/span>\n\t\t\t\t\t<\/span>\n\t\t\t\t\t<\/a>\n\t\t<\/div>\n\t\t\t\t<\/div>\n\t\t\t\t<\/div>\n\t\t\t\t\t<\/div>\n\t\t<\/nav>\n\t\t\t\t\t<\/div>\n\t\t<\/section>\n\t\t\t\t<section class=\"elementor-section elementor-top-section elementor-element elementor-element-6e79948 elementor-section-boxed elementor-section-height-default elementor-section-height-default\" data-id=\"6e79948\" data-element_type=\"section\">\n\t\t\t\t\t\t<div class=\"elementor-container elementor-column-gap-default\">\n\t\t\t\t\t<nav class=\"elementor-column elementor-col-100 elementor-top-column elementor-element elementor-element-af3eaa2\" data-id=\"af3eaa2\" data-element_type=\"column\">\n\t\t\t<div class=\"elementor-widget-wrap elementor-element-populated\">\n\t\t\t\t\t\t<div class=\"elementor-element elementor-element-b8acf10 elementor-widget elementor-widget-html\" data-id=\"b8acf10\" data-element_type=\"widget\" data-widget_type=\"html.default\">\n\t\t\t\t<div class=\"elementor-widget-container\">\n\t\t\t<iframe src=\"https:\/\/fitandbikesarl.virtuagym.com\/\/classes\/week\/?event_type=1&embedded=1\" height=\"1000\" width=\"100%\" border=\"0\" style=\"width: 100%; height: 1000px; border:none;\"><\/iframe> \t\t<\/div>\n\t\t\t\t<\/div>\n\t\t\t\t\t<\/div>\n\t\t<\/nav>\n\t\t\t\t\t<\/div>\n\t\t<\/section>\n\t\t\t\t<section class=\"elementor-section elementor-top-section elementor-element elementor-element-c0d9fe2 elementor-hidden-desktop elementor-hidden-tablet elementor-hidden-mobile elementor-section-boxed elementor-section-height-default elementor-section-height-default\" data-id=\"c0d9fe2\" data-element_type=\"section\">\n\t\t\t\t\t\t<div class=\"elementor-container elementor-column-gap-default\">\n\t\t\t\t\t<div class=\"elementor-column elementor-col-100 elementor-top-column elementor-element elementor-element-ad2237c\" data-id=\"ad2237c\" data-element_type=\"column\">\n\t\t\t<div class=\"elementor-widget-wrap elementor-element-populated\">\n\t\t\t\t\t\t<div class=\"elementor-element elementor-element-1f28bb2 propulser-gradient-v1 elementor-widget elementor-widget-heading\" data-id=\"1f28bb2\" data-element_type=\"widget\" data-widget_type=\"heading.default\">\n\t\t\t\t<div class=\"elementor-widget-container\">\n\t\t\t<h2 class=\"elementor-heading-title elementor-size-default\">C'est la pause de No\u00ebl<\/h2>\t\t<\/div>\n\t\t\t\t<\/div>\n\t\t\t\t<div class=\"elementor-element elementor-element-684c67c elementor-widget elementor-widget-text-editor\" data-id=\"684c67c\" data-element_type=\"widget\" data-widget_type=\"text-editor.default\">\n\t\t\t\t<div class=\"elementor-widget-container\">\n\t\t\t\t\t\t\t<p>Votre club sera ferm\u00e9 du 24 d\u00e9cembre au 8 Janvier.<\/p><p>A tr\u00e8s vite ! \ud83d\udd25<\/p>\t\t\t\t\t\t<\/div>\n\t\t\t\t<\/div>\n\t\t\t\t\t<\/div>\n\t\t<\/div>\n\t\t\t\t\t<\/div>\n\t\t<\/section>\n\t\t\t\t<\/div>\n\t\t","protected":false},"excerpt":{"rendered":"<p>PLANNING OFFICIEL Nouveau Membre ? Acc\u00e9de \u00e0 notre lien Linktree<\/p>\n<div class=\"read-more-wrapper\"><a class=\"more-link read-more-link\" href=\"https:\/\/fitandbody.ch\/?page_id=3621\">Read More<\/a><\/div>\n","protected":false},"author":1,"featured_media":0,"parent":0,"menu_order":0,"comment_status":"closed","ping_status":"closed","template":"page-templates\/one-page.php","meta":{"footnotes":""},"folder":[48],"class_list":["post-3621","page","type-page","status-publish","hentry"],"aioseo_notices":[],"_links":{"self":[{"href":"https:\/\/fitandbody.ch\/index.php?rest_route=\/wp\/v2\/pages\/3621","targetHints":{"allow":["GET"]}}],"collection":[{"href":"https:\/\/fitandbody.ch\/index.php?rest_route=\/wp\/v2\/pages"}],"about":[{"href":"https:\/\/fitandbody.ch\/index.php?rest_route=\/wp\/v2\/types\/page"}],"author":[{"embeddable":true,"href":"https:\/\/fitandbody.ch\/index.php?rest_route=\/wp\/v2\/users\/1"}],"replies":[{"embeddable":true,"href":"https:\/\/fitandbody.ch\/index.php?rest_route=%2Fwp%2Fv2%2Fcomments&post=3621"}],"version-history":[{"count":48,"href":"https:\/\/fitandbody.ch\/index.php?rest_route=\/wp\/v2\/pages\/3621\/revisions"}],"predecessor-version":[{"id":4582,"href":"https:\/\/fitandbody.ch\/index.php?rest_route=\/wp\/v2\/pages\/3621\/revisions\/4582"}],"wp:attachment":[{"href":"https:\/\/fitandbody.ch\/index.php?rest_route=%2Fwp%2Fv2%2Fmedia&parent=3621"}],"wp:term":[{"taxonomy":"folder","embeddable":true,"href":"https:\/\/fitandbody.ch\/index.php?rest_route=%2Fwp%2Fv2%2Ffolder&post=3621"}],"curies":[{"name":"wp","href":"https:\/\/api.w.org\/{rel}","templated":true}]}}